{"id":1113,"date":"2021-03-09T16:41:34","date_gmt":"2021-03-09T16:41:34","guid":{"rendered":"https:\/\/www.goldschmiede-siptrott.de\/?page_id=1113"},"modified":"2021-03-09T16:41:35","modified_gmt":"2021-03-09T16:41:35","slug":"datenschutzerklaerung","status":"publish","type":"page","link":"https:\/\/www.goldschmiede-siptrott.de\/index.php\/datenschutzerklaerung\/","title":{"rendered":"Datenschutzerkl\u00e4rung"},"content":{"rendered":"\n<h1 class=\"wp-block-heading\">Datenschutzbelehrung<\/h1>\n\n\n\n<p><strong>\u00a7 1 Information \u00fcber die Erhebung personenbezogener Daten<\/strong><br>(1) Im Folgenden informieren wir \u00fcber die Erhebung personenbezogener Daten bei Nutzung unserer Website. Personenbezogene Daten sind alle Daten, die auf Sie pers\u00f6nlich beziehbar sind, z. B. Name, Adresse, E-Mail-Adressen, Nutzerverhalten.<br>(2) Verantwortlicher gem. Art. 4 Abs. 7 EU-Datenschutz-Grundverordnung (DS-GVO) ist Marko Siptrott (siehe\u00a0<a href=\"\/impressum\">Impressum<\/a>). Unseren Datenschutzbeauftragten erreichen Sie unter\u00a0<a href=\"mailto:info@goldschmiede-siptrott.de\" data-type=\"mailto\" data-id=\"mailto:info@goldschmiede-siptrott.de\">info@goldschmiede-siptrott.de<\/a>\u00a0oder unter unserer Postadresse mit dem Zusatz \u201eder Datenschutzbeauftragte\u201c.<br>(3) Bei Ihrer Kontaktaufnahme mit uns per E-Mail oder \u00fcber ein Kontaktformular werden die von Ihnen mitgeteilten Daten (Ihre E-Mail-Adresse, ggf. Ihr Name und Ihre Telefonnummer) von uns gespeichert, um Ihre Fragen zu beantworten. Die in diesem Zusammenhang anfallenden Daten l\u00f6schen wir, nachdem die Speicherung nicht mehr erforderlich ist, oder schr\u00e4nken die Verarbeitung ein, falls gesetzliche Aufbewahrungspflichten bestehen.<br>(4) Falls wir f\u00fcr einzelne Funktionen unseres Angebots auf beauftragte Dienstleister zur\u00fcckgreifen oder Ihre Daten f\u00fcr werbliche Zwecke nutzen m\u00f6chten, werden wir Sie untenstehend im Detail \u00fcber die jeweiligen Vorg\u00e4nge informieren. Dabei nennen wir auch die festgelegten Kriterien der Speicherdauer.<\/p>\n\n\n\n<p><strong>\u00a7 2 Ihre Rechte<\/strong><br>(1) Sie haben gegen\u00fcber uns folgende Rechte hinsichtlich der Sie betreffenden personenbezogenen Daten:<br>\u2013 Recht auf Auskunft,<br>\u2013 Recht auf Berichtigung oder L\u00f6schung,<br>\u2013 Recht auf Einschr\u00e4nkung der Verarbeitung,<br>\u2013 Recht auf Widerspruch gegen die Verarbeitung,<br>\u2013 Recht auf Daten\u00fcbertragbarkeit.<br>(2) Sie haben zudem das Recht, sich bei einer Datenschutz-Aufsichtsbeh\u00f6rde \u00fcber die Verarbeitung Ihrer personenbezogenen Daten durch uns zu beschweren.<\/p>\n\n\n\n<p><strong>\u00a7 3 Erhebung personenbezogener Daten bei Besuch unserer Website<\/strong><\/p>\n\n\n\n<p>(1) Bei der blo\u00df informatorischen Nutzung der Website, also wenn Sie sich nicht registrieren oder uns anderweitig Informationen \u00fcbermitteln, erheben wir nur die personenbezogenen Daten, die Ihr Browser an unseren Server \u00fcbermittelt. Wenn Sie unsere Website betrachten m\u00f6chten, erheben wir die folgenden Daten, die f\u00fcr uns technisch erforderlich sind, um Ihnen unsere Website anzuzeigen und die Stabilit\u00e4t und Sicherheit zu gew\u00e4hrleisten (Rechtsgrundlage ist Art. 6 Abs. 1 S. 1 lit. f DS-GVO):<br>\u2013 IP-Adresse<br>\u2013 Datum und Uhrzeit der Anfrage<br>\u2013 Zeitzonendifferenz zur Greenwich Mean Time (GMT)<br>\u2013 Inhalt der Anforderung (konkrete Seite)<br>\u2013 Zugriffsstatus\/HTTP-Statuscode<br>\u2013 jeweils \u00fcbertragene Datenmenge<br>\u2013 Website, von der die Anforderung kommt<br>\u2013 Browser<br>\u2013 Betriebssystem und dessen Oberfl\u00e4che<br>\u2013 Sprache und Version der Browsersoftware.<\/p>\n\n\n\n<p>(2) Zus\u00e4tzlich zu den zuvor genannten Daten werden bei Ihrer Nutzung unserer Website Cookies auf Ihrem Rechner gespeichert. Bei Cookies handelt es sich um kleine Textdateien, die auf Ihrer Festplatte dem von Ihnen verwendeten Browser zugeordnet gespeichert werden und durch welche der Stelle, die den Cookie setzt (hier durch uns), bestimmte Informationen zuflie\u00dfen. Cookies k\u00f6nnen keine Programme ausf\u00fchren oder Viren auf Ihren Computer \u00fcbertragen. Sie dienen dazu, das Internetangebot insgesamt nutzerfreundlicher und effektiver zu machen.<\/p>\n\n\n\n<p>(3) Einsatz von Cookies:<\/p>\n\n\n\n<p>a) Diese Website nutzt folgende Arten von Cookies, deren Umfang und Funktionsweise im Folgenden erl\u00e4utert werden:<br>\u2013 Transiente Cookies (dazu b)<br>\u2013 Persistente Cookies (dazu c).<\/p>\n\n\n\n<p>b) Transiente Cookies werden automatisiert gel\u00f6scht, wenn Sie den Browser schlie\u00dfen. Dazu z\u00e4hlen insbesondere die Session-Cookies. Diese speichern eine sogenannte Session-ID, mit welcher sich verschiedene Anfragen Ihres Browsers der gemeinsamen Sitzung zuordnen lassen. Dadurch kann Ihr Rechner wiedererkannt werden, wenn Sie auf unsere Website zur\u00fcckkehren. Die Session-Cookies werden gel\u00f6scht, wenn Sie sich ausloggen oder den Browser schlie\u00dfen.<\/p>\n\n\n\n<p>c) Persistente Cookies werden automatisiert nach einer vorgegebenen Dauer gel\u00f6scht, die sich je nach Cookie unterscheiden kann. Sie k\u00f6nnen die Cookies in den Sicherheitseinstellungen Ihres Browsers jederzeit l\u00f6schen.<\/p>\n\n\n\n<p>d) Sie k\u00f6nnen Ihre Browser-Einstellung entsprechend Ihren W\u00fcnschen konfigurieren und z. B. die Annahme von Third-Party-Cookies oder allen Cookies ablehnen. Wir weisen Sie darauf hin, dass Sie eventuell nicht alle Funktionen dieser Website nutzen k\u00f6nnen.<\/p>\n\n\n\n<p>(4) Einsatz von Analyse Tools:<br>a) Die im Folgenden aufgef\u00fchrten und von uns eingesetzten Tracking-Ma\u00dfnahmen werden auf Grundlage des Art. 6 Abs. 1 S. 1 lit. f DSGVO durchgef\u00fchrt. Mit den zum Einsatz kommenden Tracking-Ma\u00dfnahmen wollen wir eine bedarfsgerechte Gestaltung und die fortlaufende Optimierung unserer Website sicherstellen. Zum anderen setzen wir die Tracking-Ma\u00dfnahmen ein, um die Nutzung unserer Website statistisch zu erfassen und zum Zwecke der Optimierung unseres Angebotes f\u00fcr Sie auszuwerten. Diese Interessen sind als berechtigt im Sinne der vorgenannten Vorschrift anzusehen. Die jeweiligen Datenverarbeitungszwecke und Datenkategorien sind aus den entsprechenden Tracking-Tools zu entnehmen.<\/p>\n\n\n\n<p>b) Google Analytics<\/p>\n\n\n\n<p>Zum Zwecke der bedarfsgerechten Gestaltung und fortlaufenden Optimierung unserer Seiten nutzen wir Google Analytics, ein Webanalysedienst der Google Inc. (https:\/\/www.google.de\/ intl\/de\/about\/) (1600 Amphitheatre Parkway, Mountain View, CA 94043, USA; im Folgenden \u201eGoogle\u201c). In diesem Zusammenhang werden pseudonymisierte Nutzungsprofile erstellt und Cookies (siehe unter Ziff. 4) verwendet.<br>Die durch den Cookie erzeugten Informationen \u00fcber Ihre Benutzung dieser Website wie<\/p>\n\n\n\n<p>\u2022 Browser-Typ\/-Version,<br>\u2022 verwendetes Betriebssystem,<br>\u2022 Referrer-URL (die zuvor besuchte Seite),<br>\u2022 Hostname des zugreifenden Rechners (IP-Adresse),<br>\u2022 Uhrzeit der Serveranfrage,<\/p>\n\n\n\n<p>werden an einen Server von Google in den USA \u00fcbertragen und dort gespeichert. Die Informationen werden verwendet, um die Nutzung der Website auszuwerten, um Reports \u00fcber die Websiteaktivit\u00e4ten zusammenzustellen und um weitere mit der Websitenutzung und der Internetnutzung verbundene Dienstleistungen zu Zwecken der Marktforschung und bedarfsgerechten Gestaltung dieser Internetseiten zu erbringen. Auch werden diese Informationen gegebenenfalls an Dritte \u00fcbertragen, sofern dies gesetzlich vorgeschrieben ist oder soweit Dritte diese Daten im Auftrag verarbeiten. Es wird in keinem Fall Ihre IP-Adresse mit anderen Daten von Google zusammengef\u00fchrt. Die IP-Adressen werden anonymisiert, so dass eine Zuordnung nicht m\u00f6glich ist (IP-Masking). Sie k\u00f6nnen die Installation der Cookies durch eine entsprechende Einstellung der Browser-Software verhindern; wir weisen jedoch darauf hin, dass in diesem Fall gegebenenfalls nicht s\u00e4mtliche Funktionen dieser Website vollumf\u00e4nglich genutzt werden k\u00f6nnen. Sie k\u00f6nnen dar\u00fcber hinaus die Erfassung der durch das Cookie erzeugten und auf Ihre Nutzung der Website bezogenen Daten (inkl. Ihrer IP-Adresse) sowie die Verarbeitung dieser Daten durch Google verhindern, indem Sie ein Browser-Add-on herunterladen und installieren (https:\/\/ tools.google.com\/dlpage\/gaoptout?hl=de). Alternativ zum Browser-Add-on, insbesondere bei Browsern auf mobilen Endger\u00e4ten, k\u00f6nnen Sie die Erfassung durch Google Analytics zudem verhindern, indem Sie auf diesen Link klicken:<\/p>\n\n\n\n<p>&nbsp;Verbiete Google Analytics, mich zu verfolgen<\/p>\n\n\n\n<p>Es wird ein Opt-out-Cookie gesetzt, das die zuk\u00fcnftige Erfassung Ihrer Daten beim Besuch dieser Website verhindert. Der Opt-out-Cookie gilt nur in diesem Browser und nur f\u00fcr unsere Website und wird auf Ihrem Ger\u00e4t abgelegt. L\u00f6schen Sie die Cookies in diesem Browser, m\u00fcssen Sie das Opt-out-Cookie erneut setzen. Weitere Informationen zum Datenschutz im Zusammenhang mit Google Analytics finden Sie etwa in der Google Analytics-Hilfe (https:\/\/support.google.com\/analytics\/answer\/ 6004245?hl=de).<\/p>\n\n\n\n<p><strong>\u00a7 4 Weitere Funktionen und Angebote unserer Website<\/strong><\/p>\n\n\n\n<p>(1) Neben der rein informatorischen Nutzung unserer Website bieten wir verschiedene Leistungen an, die Sie bei Interesse nutzen k\u00f6nnen. Dazu m\u00fcssen Sie in der Regel weitere personenbezogene Daten angeben, die wir zur Erbringung der jeweiligen Leistung nutzen und f\u00fcr die die zuvor genannten Grunds\u00e4tze zur Datenverarbeitung gelten.<br>(2) Teilweise bedienen wir uns zur Verarbeitung Ihrer Daten externer Dienstleister. Diese wurden von uns sorgf\u00e4ltig ausgew\u00e4hlt und beauftragt, sind an unsere Weisungen gebunden und werden regelm\u00e4\u00dfig kontrolliert.<br>(3) Weiterhin k\u00f6nnen wir Ihre personenbezogenen Daten an Dritte weitergeben, wenn Aktionsteilnahmen, Gewinnspiele, Vertragsabschl\u00fcsse oder \u00e4hnliche Leistungen von uns gemeinsam mit Partnern angeboten werden. N\u00e4here Informationen hierzu erhalten Sie bei Angabe Ihrer personenbezogenen Daten oder untenstehend in der Beschreibung des Angebotes.<br>(4) Soweit unsere Dienstleister oder Partner ihren Sitz in einem Staat au\u00dferhalb des Europ\u00e4ischen Wirtschaftsraumes (EWR) haben, informieren wir Sie \u00fcber die Folgen dieses Umstands in der Beschreibung des Angebotes.<\/p>\n\n\n\n<p><strong>\u00a7 5 Nutzung der Blog-Funktionen<\/strong><\/p>\n\n\n\n<p>(1) In unserem Blog, in dem wir verschiedene Beitr\u00e4ge zu Themen rund um unsere T\u00e4tigkeiten ver\u00f6ffentlichen, k\u00f6nnen Sie \u00f6ffentliche Kommentare abgeben. Ihr Kommentar wird mit Ihrem angegebenen Nutzernamen bei dem Beitrag ver\u00f6ffentlicht. Wir empfehlen, ein Pseudonym statt Ihres Klarnamens zu verwenden. Die Angabe von Nutzernamen und E-Mail-Adresse ist erforderlich, alle weiteren Informationen sind freiwillig. Wenn Sie einen Kommentar abgeben, speichern wir weiterhin Ihre IP-Adresse, die wir nach einer Woche l\u00f6schen. Die Speicherung ist f\u00fcr uns erforderlich, um uns in F\u00e4llen einer m\u00f6glichen Ver\u00f6ffentlichung widerrechtlicher Inhalte gegen Haftungsanspr\u00fcche verteidigen zu k\u00f6nnen. Ihre E-Mail-Adresse ben\u00f6tigen wir, um mit Ihnen in Kontakt zu treten, falls ein Dritter Ihren Kommentar als rechtswidrig beanstanden sollte. Rechts-grundlagen sind Art. 6 Abs. 1 S. 1 lit. b und f DSGVO. Die Kommentare werden vor Ver\u00f6ffentlichung nicht gepr\u00fcft. Wir behalten uns vor, Kommentare zu l\u00f6schen, wenn sie von Dritten als rechtswidrig beanstandet werden.<br>(2) Beim Schreiben Ihres Kommentars k\u00f6nnen Sie einen Haken bei unserem E-Mail-Service setzen. Dadurch werden Sie informiert, wenn weitere Nutzer einen Kommentar zu dem Beitrag hinterlassen. F\u00fcr diesen Service setzen wir das sog. Double-opt-in-Verfahren ein, d. h. Sie erhalten eine E-Mail, in der Sie best\u00e4tigen m\u00fcssen, dass Sie Inhaber dieser E-Mail-Adresse sind und den Erhalt der Benachrichtigungen w\u00fcnschen. Die Benachrichtigungen k\u00f6nnen Sie jederzeit abbestellen, indem Sie auf den in der E-Mail enthaltenen Link klicken. Ihre personenbezogenen Daten, inklusive E-Mail-Adresse, Ihre Zeitpunkte der Registrierung f\u00fcr den Service und Ihre IP-Adresse werden von uns gespeichert, bis Sie sich von dem Hinweis-Service abmelden.<\/p>\n\n\n\n<p><strong>\u00a7 6 Nutzung unseres Webshops<\/strong><\/p>\n\n\n\n<p>(1) Wenn Sie in unserem Webshop bestellen m\u00f6chten, ist es f\u00fcr den Vertragsabschluss erforderlich, dass Sie Ihre pers\u00f6nlichen Daten angeben, die wir f\u00fcr die Abwicklung Ihrer Bestellung ben\u00f6tigen. F\u00fcr die Abwicklung der Vertr\u00e4ge notwendige Pflichtangaben sind gesondert markiert, weitere Angaben sind freiwillig. Die von Ihnen angegebenen Daten verarbeiten wir zur Abwicklung Ihrer Bestellung. Dazu k\u00f6nnen wir Ihre Zahlungsdaten an unsere Hausbank weitergeben. Rechtsgrundlage hierf\u00fcr ist Art. 6 Abs. 1 S. 1 lit. b DS-GVO.<br>Sie k\u00f6nnen freiwillig ein Kundenkonto anlegen, durch das wir Ihre Daten f\u00fcr sp\u00e4tere weitere Eink\u00e4ufe speichern k\u00f6nnen. Bei Anlegung eines Accounts unter \u201eMein Konto\u201c werden die von Ihnen angegebenen Daten widerruflich gespeichert. Alle weiteren Daten, inklusive Ihres Nutzerkontos, k\u00f6nnen Sie im Kundenbereich stets l\u00f6schen.<br>Wir k\u00f6nnen die von Ihnen angegebenen Daten zudem verarbeiten, um Sie \u00fcber weitere interessante Produkte aus unserem Portfolio zu informieren oder Ihnen E-Mails mit technischen Informationen zukommen lassen.<br>(2) Wir sind aufgrund handels- und steuerrechtlicher Vorgaben verpflichtet, Ihre Adress-, Zahlungs- und Bestelldaten f\u00fcr die Dauer von zehn Jahren zu speichern.<br>(3) Zur Verhinderung unberechtigter Zugriffe Dritter auf Ihre pers\u00f6nlichen Daten, insbesondere Finanzdaten, wird der Bestellvorgang verschl\u00fcsselt.<\/p>\n\n\n\n<p><strong>\u00a7 7 Nutzung unseres Portals<\/strong><\/p>\n\n\n\n<p>(1) Soweit Sie unser Portal nutzen m\u00f6chten, m\u00fcssen Sie sich mittels Angabe Ihrer E-Mail-Adresse, eines selbst gew\u00e4hlten Passworts sowie Ihres frei w\u00e4hlbaren Benutzernamens registrieren. Es besteht kein Klarnamenszwang, eine pseudonyme Nutzung ist m\u00f6glich. Wir verwenden f\u00fcr die Registrierung das sog. Double-opt-in-Verfahren, d. h. Ihre Registrierung ist erst abgeschlossen, wenn Sie zuvor Ihre Anmeldung \u00fcber eine Ihnen zu diesem Zweck zugesandte Best\u00e4tigungs-E-Mail durch Klick auf den darin enthaltenen Link best\u00e4tigt haben. Falls Ihre diesbez\u00fcgliche Best\u00e4tigung nicht binnen 24 Stunden erfolgt, wird Ihre Anmeldung automatisch aus unserer Datenbank gel\u00f6scht. Die Angabe der zuvor genannten Daten ist verpflichtend, alle weiteren Informationen k\u00f6nnen Sie freiwillig durch Nutzung unseres Portals bereitstellen.<\/p>\n\n\n\n<p>(2) Wenn Sie unser Portal nutzen, speichern wir Ihre zur Vertragserf\u00fcllung erforderlichen Daten, auch Angaben zur Zahlungsweise, bis Sie Ihren Zugang endg\u00fcltig l\u00f6schen. Weiterhin speichern wir die von Ihnen angegebenen freiwilligen Daten f\u00fcr die Zeit Ihrer Nutzung des Portals, soweit Sie diese nicht zuvor l\u00f6schen. Alle Angaben k\u00f6nnen Sie im gesch\u00fctzten Kundenbereich verwalten und \u00e4ndern. Rechtsgrundlage ist Art. 6 Abs. 1 S. 1 lit. f DS-GVO.<br>(3) Wenn Sie das Portal nutzen, k\u00f6nnen Ihre Daten entsprechend der Vertragsleistung anderen Teilnehmern des Portals zug\u00e4nglich werden. Nicht angemeldete Mitglieder erhalten keine Informationen \u00fcber Sie. F\u00fcr alle angemeldeten Mitglieder sind Ihr Benutzername und Foto sichtbar, unabh\u00e4ngig davon, ob Sie diese freigegeben haben. Demgegen\u00fcber ist Ihr gesamtes Profil mit den von Ihnen freigegebenen Daten f\u00fcr alle Mitglieder sichtbar, die Sie als pers\u00f6nlichen Kontakt best\u00e4tigt haben. Wenn Sie Ihren pers\u00f6nlichen Kontakten Inhalte zug\u00e4nglich machen, die Sie nicht mittels einer privaten Nachricht senden, sind diese Inhalte f\u00fcr Dritte einsehbar, soweit Ihr pers\u00f6nlicher Kontakt die Freigabe erteilt hat. Soweit Sie Beitr\u00e4ge in \u00f6ffentlichen Gruppen einstellen, sind diese f\u00fcr alle angemeldeten Mitglieder des Portals sichtbar.<br>(4) Um unberechtigte Zugriffe Dritter auf Ihre pers\u00f6nlichen Daten, insbesondere Finanzdaten, zu verhindern, wird die Verbindung verschl\u00fcsselt.<\/p>\n\n\n\n<p><strong>\u00a7 8 Widerspruch oder Widerruf gegen die Verarbeitung Ihrer Daten<\/strong><\/p>\n\n\n\n<p>(1) Falls Sie eine Einwilligung zur Verarbeitung Ihrer Daten erteilt haben, k\u00f6nnen Sie diese jederzeit widerrufen. Ein solcher Widerruf beeinflusst die Zul\u00e4ssigkeit der Verarbeitung Ihrer personenbezogenen Daten, nachdem Sie ihn gegen\u00fcber uns ausgesprochen haben.<br>(2) Soweit wir die Verarbeitung Ihrer personenbezogenen Daten auf die Interessenabw\u00e4gung st\u00fctzen, k\u00f6nnen Sie Widerspruch gegen die Verarbeitung einlegen. Dies ist der Fall, wenn die Verarbeitung insbesondere nicht zur Erf\u00fcllung eines Vertrags mit Ihnen erforderlich ist, was von uns jeweils bei der nachfolgenden Beschreibung der Funktionen dargestellt wird. Bei Aus\u00fcbung eines solchen Widerspruchs bitten wir um Darlegung der Gr\u00fcnde, weshalb wir Ihre personenbezogenen Daten nicht wie von uns durchgef\u00fchrt verarbeiten sollten. Im Falle Ihres begr\u00fcndeten Widerspruchs pr\u00fcfen wir die Sachlage und werden entweder die Datenverarbeitung einstellen bzw. anpassen oder Ihnen unsere zwingenden schutzw\u00fcrdigen Gr\u00fcnde aufzeigen, aufgrund derer wir die Verarbeitung fortf\u00fchren.<br>(3) Selbstverst\u00e4ndlich k\u00f6nnen Sie der Verarbeitung Ihrer personenbezogenen Daten f\u00fcr Zwecke der Werbung und Datenanalyse jederzeit widersprechen. Ihren Werbewiderspruch k\u00f6nnen Sie an die im Impressum genannten Kontaktdaten richten.<\/p>\n","protected":false},"excerpt":{"rendered":"<p>Datenschutzbelehrung \u00a7 1 Information \u00fcber die Erhebung personenbezogener Daten(1) Im Folgenden informieren wir \u00fcber die Erhebung personenbezogener Daten bei Nutzung unserer Website. Personenbezogene Daten sind alle Daten, die auf Sie pers\u00f6nlich beziehbar sind, z. B. Name, Adresse, E-Mail-Adressen, Nutzerverhalten.(2) Verantwortlicher gem. Art. 4 Abs. 7 EU-Datenschutz-Grundverordnung (DS-GVO) ist Marko Siptrott (siehe\u00a0Impressum). Unseren Datenschutzbeauftragten erreichen Sie [&hellip;]<\/p>\n","protected":false},"author":1,"featured_media":0,"parent":0,"menu_order":0,"comment_status":"closed","ping_status":"closed","template":"","meta":{"footnotes":""},"class_list":["post-1113","page","type-page","status-publish","hentry"],"_links":{"self":[{"href":"https:\/\/www.goldschmiede-siptrott.de\/index.php\/wp-json\/wp\/v2\/pages\/1113","targetHints":{"allow":["GET"]}}],"collection":[{"href":"https:\/\/www.goldschmiede-siptrott.de\/index.php\/wp-json\/wp\/v2\/pages"}],"about":[{"href":"https:\/\/www.goldschmiede-siptrott.de\/index.php\/wp-json\/wp\/v2\/types\/page"}],"author":[{"embeddable":true,"href":"https:\/\/www.goldschmiede-siptrott.de\/index.php\/wp-json\/wp\/v2\/users\/1"}],"replies":[{"embeddable":true,"href":"https:\/\/www.goldschmiede-siptrott.de\/index.php\/wp-json\/wp\/v2\/comments?post=1113"}],"version-history":[{"count":1,"href":"https:\/\/www.goldschmiede-siptrott.de\/index.php\/wp-json\/wp\/v2\/pages\/1113\/revisions"}],"predecessor-version":[{"id":1114,"href":"https:\/\/www.goldschmiede-siptrott.de\/index.php\/wp-json\/wp\/v2\/pages\/1113\/revisions\/1114"}],"wp:attachment":[{"href":"https:\/\/www.goldschmiede-siptrott.de\/index.php\/wp-json\/wp\/v2\/media?parent=1113"}],"curies":[{"name":"wp","href":"https:\/\/api.w.org\/{rel}","templated":true}]}}